{"id":25,"date":"2016-08-25T12:24:42","date_gmt":"2016-08-25T10:24:42","guid":{"rendered":"https:\/\/skilift.gubser-gartenbau.ch\/?page_id=25"},"modified":"2023-12-14T19:37:34","modified_gmt":"2023-12-14T19:37:34","slug":"skilift","status":"publish","type":"page","link":"https:\/\/www.skiliftwalenstadtberg.dsmynas.com\/Skilift\/skilift\/","title":{"rendered":"Skilift"},"content":{"rendered":"\n<figure class=\"wp-block-table\"><table><tbody><tr><td>Borer Super Star<\/td><td>&nbsp;<\/td><\/tr><tr><td>Streckenl\u00e4nge Skilift<\/td><td>200 m<\/td><\/tr><tr><td>Drahtseildicke<\/td><td>9&nbsp;mm<\/td><\/tr><tr><td>Anzahl B\u00fcgel<\/td><td>20 St\u00fcck<\/td><\/tr><tr><td>B\u00fcgelabstand<\/td><td>21 m<\/td><\/tr><tr><td>H\u00f6henunterschied<\/td><td>75 m<\/td><\/tr><tr><td>Steigungswinkel<\/td><td>26 %<\/td><\/tr><tr><td>Geschwindigkeit<\/td><td>0 &#8211; 2 m\/s<\/td><\/tr><tr><td>F\u00f6rderleistung<\/td><td>490 Personen\/Stunde<\/td><\/tr><tr><td>Zuleitung<\/td><td>PUR 5 x 6 mm2 &nbsp; &nbsp;200 m<\/td><\/tr><tr><td>Absicherung<\/td><td>20 Amp<\/td><\/tr><tr><td>Elektromotor<\/td><td>8,8 kW<\/td><\/tr><tr><td>Schaltanlage<\/td><td>stufenlose Geschwindigkeit \/ 7,5 kW \/ 10 PS \/ 3 x 400 V<\/td><\/tr><\/tbody><\/table><\/figure>\n\n\n\n<p>AG 1 (Betriebsbewilligung Kleinskilift \/ Departement Bau, Verkehr und Umwelt)<\/p>\n","protected":false},"excerpt":{"rendered":"<p>Borer Super Star &nbsp; Streckenl\u00e4nge Skilift 200 m Drahtseildicke 9&nbsp;mm Anzahl B\u00fcgel 20 St\u00fcck B\u00fcgelabstand 21 m H\u00f6henunterschied 75 m Steigungswinkel 26 % Geschwindigkeit 0 &#8211; 2 m\/s F\u00f6rderleistung 490 Personen\/Stunde Zuleitung PUR 5 x 6 mm2 &nbsp; &nbsp;200 m Absicherung 20 Amp Elektromotor 8,8 kW Schaltanlage stufenlose Geschwindigkeit \/ 7,5 kW \/ 10 PS [&hellip;]<\/p>\n","protected":false},"author":1,"featured_media":0,"parent":0,"menu_order":0,"comment_status":"closed","ping_status":"closed","template":"","meta":[],"_links":{"self":[{"href":"https:\/\/www.skiliftwalenstadtberg.dsmynas.com\/Skilift\/wp-json\/wp\/v2\/pages\/25"}],"collection":[{"href":"https:\/\/www.skiliftwalenstadtberg.dsmynas.com\/Skilift\/wp-json\/wp\/v2\/pages"}],"about":[{"href":"https:\/\/www.skiliftwalenstadtberg.dsmynas.com\/Skilift\/wp-json\/wp\/v2\/types\/page"}],"author":[{"embeddable":true,"href":"https:\/\/www.skiliftwalenstadtberg.dsmynas.com\/Skilift\/wp-json\/wp\/v2\/users\/1"}],"replies":[{"embeddable":true,"href":"https:\/\/www.skiliftwalenstadtberg.dsmynas.com\/Skilift\/wp-json\/wp\/v2\/comments?post=25"}],"version-history":[{"count":2,"href":"https:\/\/www.skiliftwalenstadtberg.dsmynas.com\/Skilift\/wp-json\/wp\/v2\/pages\/25\/revisions"}],"predecessor-version":[{"id":597,"href":"https:\/\/www.skiliftwalenstadtberg.dsmynas.com\/Skilift\/wp-json\/wp\/v2\/pages\/25\/revisions\/597"}],"wp:attachment":[{"href":"https:\/\/www.skiliftwalenstadtberg.dsmynas.com\/Skilift\/wp-json\/wp\/v2\/media?parent=25"}],"curies":[{"name":"wp","href":"https:\/\/api.w.org\/{rel}","templated":true}]}}