{"id":349,"date":"2016-08-25T12:05:45","date_gmt":"2016-08-25T10:05:45","guid":{"rendered":"https:\/\/skilift.gubser-gartenbau.ch\/?page_id=2"},"modified":"2025-01-02T08:00:40","modified_gmt":"2025-01-02T07:00:40","slug":"aktuell","status":"publish","type":"page","link":"https:\/\/www.skiliftwalenstadtberg.dsmynas.com\/Skilift\/aktuell\/","title":{"rendered":"Aktuell"},"content":{"rendered":"\n<p><\/p>\n\n\n\n<p><\/p>\n\n\n\n<p class=\"has-larger-font-size\" style=\"font-style:normal;font-weight:700;text-transform:none\">Skibetrieb eingestellt <\/p>\n\n\n\n<p><\/p>\n\n\n\n<p><\/p>\n\n\n\n<p><\/p>\n\n\n\n<p><\/p>\n\n\n\n<figure class=\"wp-block-image size-large\"><img decoding=\"async\" loading=\"lazy\" width=\"1024\" height=\"576\" src=\"http:\/\/skiliftwalenstadtberg.dsmynas.com\/Skilift\/wp-content\/uploads\/2022\/03\/2021-11-21-07.53.03-scaled-1-1024x576.jpg\" alt=\"\" class=\"wp-image-445\" srcset=\"https:\/\/www.skiliftwalenstadtberg.dsmynas.com\/Skilift\/wp-content\/uploads\/2022\/03\/2021-11-21-07.53.03-scaled-1-1024x576.jpg 1024w, https:\/\/www.skiliftwalenstadtberg.dsmynas.com\/Skilift\/wp-content\/uploads\/2022\/03\/2021-11-21-07.53.03-scaled-1-300x169.jpg 300w, https:\/\/www.skiliftwalenstadtberg.dsmynas.com\/Skilift\/wp-content\/uploads\/2022\/03\/2021-11-21-07.53.03-scaled-1-768x432.jpg 768w, https:\/\/www.skiliftwalenstadtberg.dsmynas.com\/Skilift\/wp-content\/uploads\/2022\/03\/2021-11-21-07.53.03-scaled-1-1536x864.jpg 1536w, https:\/\/www.skiliftwalenstadtberg.dsmynas.com\/Skilift\/wp-content\/uploads\/2022\/03\/2021-11-21-07.53.03-scaled-1-2048x1152.jpg 2048w\" sizes=\"(max-width: 1024px) 100vw, 1024px\" \/><\/figure>\n\n\n\n<p><\/p>\n\n\n\n<p><\/p>\n\n\n\n<p><\/p>\n\n\n\n<p><\/p>\n\n\n\n<p><\/p>\n\n\n\n<p><\/p>\n\n\n\n<p><\/p>\n\n\n\n<p><\/p>\n\n\n\n<p><\/p>\n\n\n\n<p><\/p>\n\n\n\n<h2 class=\"has-accent-color has-text-color\">Die Saison 2024\/25 ist er\u00f6ffnet! Sch\u00f6n ists! <\/h2>\n\n\n\n<figure class=\"wp-block-image size-large\"><img decoding=\"async\" loading=\"lazy\" width=\"1024\" height=\"576\" src=\"https:\/\/skiliftwalenstadtberg.dsmynas.com\/Skilift\/wp-content\/uploads\/2024\/11\/2024-11-23-11.57.54-1024x576.jpg\" alt=\"\" class=\"wp-image-633\" srcset=\"https:\/\/www.skiliftwalenstadtberg.dsmynas.com\/Skilift\/wp-content\/uploads\/2024\/11\/2024-11-23-11.57.54-1024x576.jpg 1024w, https:\/\/www.skiliftwalenstadtberg.dsmynas.com\/Skilift\/wp-content\/uploads\/2024\/11\/2024-11-23-11.57.54-300x169.jpg 300w, https:\/\/www.skiliftwalenstadtberg.dsmynas.com\/Skilift\/wp-content\/uploads\/2024\/11\/2024-11-23-11.57.54-768x432.jpg 768w, https:\/\/www.skiliftwalenstadtberg.dsmynas.com\/Skilift\/wp-content\/uploads\/2024\/11\/2024-11-23-11.57.54-1536x864.jpg 1536w, https:\/\/www.skiliftwalenstadtberg.dsmynas.com\/Skilift\/wp-content\/uploads\/2024\/11\/2024-11-23-11.57.54-2048x1152.jpg 2048w, https:\/\/www.skiliftwalenstadtberg.dsmynas.com\/Skilift\/wp-content\/uploads\/2024\/11\/2024-11-23-11.57.54-1870x1052.jpg 1870w, https:\/\/www.skiliftwalenstadtberg.dsmynas.com\/Skilift\/wp-content\/uploads\/2024\/11\/2024-11-23-11.57.54-400x225.jpg 400w, https:\/\/www.skiliftwalenstadtberg.dsmynas.com\/Skilift\/wp-content\/uploads\/2024\/11\/2024-11-23-11.57.54-800x450.jpg 800w\" sizes=\"(max-width: 1024px) 100vw, 1024px\" \/><figcaption class=\"wp-element-caption\">Aussicht mit B\u00fcgel<\/figcaption><\/figure>\n\n\n\n<h3 class=\"has-white-color has-text-color\"><strong>Vielen Dank <\/strong>an unsere G\u00f6nner und Sponsoren!<\/h3>\n\n\n\n<p class=\"has-white-color has-text-color\"><a href=\"http:\/\/skiliftwalenstadtberg.dsmynas.com\/Skilift\/goenner\/\">Wir danken allen G\u00f6nnern f\u00fcr die Unterst\u00fctzung!<\/a><\/p>\n\n\n\n<h4 class=\"has-white-color has-text-color\">Testet auch unsere Webcam!<\/h4>\n\n\n\n<p class=\"has-white-color has-text-color\"><a href=\"http:\/\/skiliftwalenstadtberg.dsmynas.com\/Skilift\/webcam\/\">Webcam<\/a><\/p>\n\n\n\n<div>&nbsp;<\/div>\n\n\n\n<div style=\"width:800px;height:428px\"><iframe scrolling=\"no\" style=\"border:0;width:100%;height:100%\" src=\"https:\/\/search.ch\/meteo\/widget\/Walenstadtberg?days=1\"><\/iframe>\n<\/div>\n","protected":false},"excerpt":{"rendered":"<p>Skibetrieb eingestellt Die Saison 2024\/25 ist er\u00f6ffnet! Sch\u00f6n ists! Vielen Dank an unsere G\u00f6nner und Sponsoren! Wir danken allen G\u00f6nnern f\u00fcr die Unterst\u00fctzung! Testet auch unsere Webcam! Webcam &nbsp;<\/p>\n","protected":false},"author":1,"featured_media":0,"parent":0,"menu_order":0,"comment_status":"closed","ping_status":"closed","template":"","meta":[],"_links":{"self":[{"href":"https:\/\/www.skiliftwalenstadtberg.dsmynas.com\/Skilift\/wp-json\/wp\/v2\/pages\/349"}],"collection":[{"href":"https:\/\/www.skiliftwalenstadtberg.dsmynas.com\/Skilift\/wp-json\/wp\/v2\/pages"}],"about":[{"href":"https:\/\/www.skiliftwalenstadtberg.dsmynas.com\/Skilift\/wp-json\/wp\/v2\/types\/page"}],"author":[{"embeddable":true,"href":"https:\/\/www.skiliftwalenstadtberg.dsmynas.com\/Skilift\/wp-json\/wp\/v2\/users\/1"}],"replies":[{"embeddable":true,"href":"https:\/\/www.skiliftwalenstadtberg.dsmynas.com\/Skilift\/wp-json\/wp\/v2\/comments?post=349"}],"version-history":[{"count":23,"href":"https:\/\/www.skiliftwalenstadtberg.dsmynas.com\/Skilift\/wp-json\/wp\/v2\/pages\/349\/revisions"}],"predecessor-version":[{"id":656,"href":"https:\/\/www.skiliftwalenstadtberg.dsmynas.com\/Skilift\/wp-json\/wp\/v2\/pages\/349\/revisions\/656"}],"wp:attachment":[{"href":"https:\/\/www.skiliftwalenstadtberg.dsmynas.com\/Skilift\/wp-json\/wp\/v2\/media?parent=349"}],"curies":[{"name":"wp","href":"https:\/\/api.w.org\/{rel}","templated":true}]}}